{"id":203,"date":"2025-01-09T18:33:38","date_gmt":"2025-01-09T18:33:38","guid":{"rendered":"https:\/\/playlistforyou.com\/?page_id=203"},"modified":"2026-04-06T15:35:43","modified_gmt":"2026-04-06T15:35:43","slug":"terms","status":"publish","type":"page","link":"https:\/\/playlistforyou.com\/es\/terms\/","title":{"rendered":"Condiciones de uso \u2013 Playlist For You"},"content":{"rendered":"<p>EL <strong>Lista de reproducci\u00f3n para ti<\/strong> se enorgullece de ser propietario de una plataforma especializada en m\u00fasica, listas de reproducci\u00f3n personalizadas y recomendaciones, accesibles en la direcci\u00f3n<a href=\"https:\/\/playlistforyou.com\/es\/\"> https:\/\/playlistforyou.com\/<\/a>. Nuestro sitio web es ampliamente reconocido como una fuente confiable para mejorar su experiencia musical.<\/p>\n\n\n\n<p>El equipo de <strong>Lista de reproducci\u00f3n para ti<\/strong> se compromete a gestionar este espacio digital, dise\u00f1ado con cuidado para ofrecer un recurso completo y accesible a todos los usuarios que acepten seguir nuestras pautas y reglas establecidas. En este documento, los t\u00e9rminos \u201cnosotros\u201d, \u201cnos\u201d y \u201cnuestro\u201d se refieren a <strong>Lista de reproducci\u00f3n para ti<\/strong> y su equipo.<\/p>\n\n\n\n<p>Cuando acceda a nuestra plataforma, tendr\u00e1 acceso a una variedad de \u201cServicios\u201d dise\u00f1ados para mejorar su viaje musical y brindarle una experiencia personalizada.<\/p>\n\n\n\n<p>Como centro neur\u00e1lgico para los amantes de la m\u00fasica, el <strong>Lista de reproducci\u00f3n para ti<\/strong> se compromete a proporcionar recomendaciones detalladas y contenido de alta calidad sobre una amplia variedad de temas relacionados con el universo de la m\u00fasica. Nuestra plataforma proporciona informaci\u00f3n valiosa sobre listas de reproducci\u00f3n personalizadas, tendencias musicales y consejos para enriquecer su experiencia auditiva. Todo el contenido est\u00e1 cuidadosamente elaborado para atender a una audiencia diversa, que abarca tanto a oyentes ocasionales como a entusiastas de la m\u00fasica de todo el mundo.<\/p>\n\n\n\n<p>La privacidad de nuestros usuarios es una prioridad en <strong>Lista de reproducci\u00f3n para ti<\/strong>. Nos adherimos estrictamente a los est\u00e1ndares establecidos en nuestra <strong>pol\u00edtica de privacidad<\/strong>, que regula el uso del sitio web y protege la informaci\u00f3n personal de los visitantes. Este documento, en cumplimiento con las leyes aplicables, garantiza que su privacidad sea respetada y mantenida durante el uso de nuestros servicios.<\/p>\n\n\n\n<p>T\u00fa <strong>T\u00e9rminos y condiciones de uso<\/strong> de <strong>Lista de reproducci\u00f3n para ti<\/strong> Fueron cuidadosamente dise\u00f1ados para definir las responsabilidades y expectativas de los usuarios que interact\u00faan con nuestra plataforma. Informaci\u00f3n adicional sobre estos t\u00e9rminos se puede encontrar en otras secciones del sitio web.<\/p>\n\n\n\n<p><strong>ES ESENCIAL QUE LEA ESTOS T\u00c9RMINOS DE USO ATENTAMENTE.<\/strong> Si encuentra alguna condici\u00f3n con la que no est\u00e9 de acuerdo, le recomendamos que no utilice los servicios proporcionados por <strong>Lista de reproducci\u00f3n para ti<\/strong>.<\/p>\n\n\n\n<h2 class=\"wp-block-heading\"><strong>Art\u00edculo I \u2013 Cumplimiento del usuario<\/strong><\/h2>\n\n\n\n<p><strong>1.1.<\/strong> Al acceder a la plataforma <strong>Lista de reproducci\u00f3n para ti<\/strong>, los usuarios reconocen y aceptan cumplir con los T\u00e9rminos y Condiciones de Uso, as\u00ed como nuestra Pol\u00edtica de Privacidad.<\/p>\n\n\n\n<p><strong>1.2.<\/strong> El uso de <strong>Lista de reproducci\u00f3n para ti<\/strong> asume que los usuarios tienen capacidad legal para celebrar contratos vinculantes, confirman que tienen al menos 18 a\u00f1os de edad y aceptan completamente los T\u00e9rminos y Condiciones de Uso presentados.<\/p>\n\n\n\n<p><strong>1.3.<\/strong> Si los usuarios no cumplen estos requisitos o no est\u00e1n de acuerdo, total o parcialmente, con los t\u00e9rminos establecidos, les recomendamos que no utilicen los servicios y recursos ofrecidos por <strong>Lista de reproducci\u00f3n para ti<\/strong>, incluidos aquellos disponibles en nuestro sitio web.<\/p>\n\n\n\n<h2 class=\"wp-block-heading\"><strong>Art\u00edculo II \u2013 Correspondencia<\/strong><\/h2>\n\n\n\n<p><strong>2.1.<\/strong> EL <strong>Lista de reproducci\u00f3n para ti<\/strong> ofrece canales de comunicaci\u00f3n dedicados para aclarar dudas, resolver problemas, gestionar reclamaciones y recoger feedback sobre los distintos servicios que prestamos.<\/p>\n\n\n\n<p><strong>2.2.<\/strong> Los usuarios que deseen contactar con nosotros o solicitar informaci\u00f3n adicional pueden utilizar el formulario de contacto disponible en <a href=\"https:\/\/playlistforyou.com\/es\/contato\/\">https:\/\/playlistforyou.com\/contato\/<\/a>. <\/p>\n\n\n\n<h2 class=\"wp-block-heading\"><strong>Art\u00edculo III \u2013 Responsabilidades de las Partes<\/strong><\/h2>\n\n\n\n<p><strong>3.1.<\/strong> Los usuarios que accedan y utilicen los servicios o recursos ofrecidos por <strong>Lista de reproducci\u00f3n para ti<\/strong> deber\u00e1 leer, comprender y aceptar \u00edntegramente los t\u00e9rminos presentados en estos T\u00e9rminos y Condiciones de Uso, as\u00ed como en nuestra Pol\u00edtica de Privacidad.<\/p>\n\n\n\n<p><strong>3.2.<\/strong> El sitio web de <strong>Lista de reproducci\u00f3n para ti<\/strong> Puede incluir enlaces a sitios web externos que ofrecen productos o servicios. Sin embargo, el <strong>Lista de reproducci\u00f3n para ti<\/strong> no participa directamente en estas transacciones externas.<\/p>\n\n\n\n<p><strong>3.3.<\/strong> Al acceder a sitios web de terceros, es responsabilidad exclusiva del usuario revisar los respectivos t\u00e9rminos de uso y pol\u00edticas de privacidad de dichos sitios web.<\/p>\n\n\n\n<p><strong>3.4.<\/strong> EL <strong>Lista de reproducci\u00f3n para ti<\/strong> no es responsable de los t\u00e9rminos, pol\u00edticas de privacidad, contenido o servicios de terceros mostrados o vinculados en nuestra plataforma.<\/p>\n\n\n\n<p><strong>3.5.<\/strong> EL <strong>Lista de reproducci\u00f3n para ti<\/strong> no asume ninguna responsabilidad por da\u00f1os causados por virus, malware u otras amenazas cibern\u00e9ticas originadas en Internet. Recomendamos que los usuarios adopten medidas adecuadas de ciberseguridad y protecci\u00f3n antivirus.<\/p>\n\n\n\n<p><strong>3.6.<\/strong> No seremos responsables de ninguna p\u00e9rdida o da\u00f1o que surja del mal uso del sitio web o de eventos fuera de nuestro control.<\/p>\n\n\n\n<p><strong>3.7.<\/strong> EL <strong>Lista de reproducci\u00f3n para ti<\/strong> no requiere dep\u00f3sitos o compromisos financieros como condici\u00f3n para acceder o recomendar cualquier oferta de servicios o productos financieros.<\/p>\n\n\n\n<p><strong>3.8.<\/strong> Recomendamos tener cuidado con los correos electr\u00f3nicos que solicitan informaci\u00f3n personal o que contienen archivos adjuntos sospechosos. Si recibe correspondencia sospechosa, inf\u00f3rmelo inmediatamente mediante nuestro formulario de contacto, disponible en <a href=\"https:\/\/playlistforyou.com\/es\/contato\/.\/\">https:\/\/playlistforyou.com\/contato\/. <\/a><\/p>\n\n\n\n<h2 class=\"wp-block-heading\"><strong>Art\u00edculo IV \u2013 Acciones inadmisibles<\/strong><\/h2>\n\n\n\n<p>Nodo <strong>Lista de reproducci\u00f3n para ti<\/strong>No toleramos las siguientes pr\u00e1cticas que violen los est\u00e1ndares de uso del sitio:<\/p>\n\n\n\n<ul>\n<li>Participar o fomentar actividades ilegales de cualquier tipo;<\/li>\n\n\n\n<li>Ignorar las leyes, reglamentos o normas aplicables;<\/li>\n\n\n\n<li>Usurpar o infringir los derechos de autor, marcas registradas u otros derechos de propiedad intelectual de terceros;<\/li>\n\n\n\n<li>Incurrir en conductas que promuevan el acoso, la discriminaci\u00f3n, la intimidaci\u00f3n, la difamaci\u00f3n o el prejuicio basados en caracter\u00edsticas personales;<\/li>\n\n\n\n<li>Difundir informaci\u00f3n falsa, enga\u00f1osa o fraudulenta;<\/li>\n\n\n\n<li>Introducir virus, malware o cualquier otro tipo de software da\u00f1ino en la plataforma;<\/li>\n\n\n\n<li>Obtener o intentar acceder a datos personales de manera no autorizada;<\/li>\n\n\n\n<li>Participar en pr\u00e1cticas enga\u00f1osas como spam, phishing u otros m\u00e9todos fraudulentos;<\/li>\n\n\n\n<li>Publicar contenido inapropiado, expl\u00edcito o contrario a los est\u00e1ndares \u00e9ticos;<\/li>\n\n\n\n<li>Intentar eludir o comprometer los sistemas de seguridad de la plataforma.<\/li>\n<\/ul>\n\n\n\n<p>El incumplimiento de estas pautas puede resultar en la suspensi\u00f3n temporal o permanente del acceso a <strong>Lista de reproducci\u00f3n para ti<\/strong> y sus servicios, adem\u00e1s de otras medidas oportunas en funci\u00f3n de la gravedad de la infracci\u00f3n.<\/p>\n\n\n\n<h2 class=\"wp-block-heading\"><strong>Art\u00edculo V \u2013 Exclusiones de garant\u00eda y responsabilidad<\/strong><\/h2>\n\n\n\n<p>Aunque el <strong>Lista de reproducci\u00f3n para ti<\/strong> se dedica a brindar servicios de calidad, no garantizamos que ser\u00e1n ininterrumpidos, seguros o libres de errores. Asimismo, no garantizamos la exactitud ni fiabilidad de los resultados obtenidos mediante el uso de nuestros servicios. Nos reservamos el derecho de modificar, terminar o discontinuar cualquier servicio en cualquier momento sin previo aviso.<\/p>\n\n\n\n<p>Al utilizar nuestros servicios lo hace bajo su propio riesgo. Todos los productos y servicios se proporcionan \u201ctal cual\u201d sin garant\u00edas expresas o impl\u00edcitas. Esto incluye, pero no se limita a, garant\u00edas de comerciabilidad, idoneidad para un prop\u00f3sito particular, durabilidad, cumplimiento de las leyes o no infracci\u00f3n de los derechos de propiedad intelectual.<\/p>\n\n\n\n<p>EL <strong>Lista de reproducci\u00f3n para ti<\/strong>, sus empleados, afiliados, agentes, contratistas, proveedores de servicios o licenciantes no ser\u00e1n responsables de ning\u00fan da\u00f1o directo, indirecto, incidental, punitivo, especial o consecuente. Esto incluye, pero no se limita a, p\u00e9rdida de ganancias, ingresos, ahorros, datos o costos asociados con el reemplazo de informaci\u00f3n, que surjan del uso de nuestros servicios o productos. Esta limitaci\u00f3n de responsabilidad se aplica a todas las reclamaciones relacionadas con inexactitudes en el contenido o cualquier da\u00f1o causado por el uso de los servicios ofrecidos.<\/p>\n\n\n\n<h2 class=\"wp-block-heading\"><strong>Art\u00edculo VI \u2013 Duraci\u00f3n y vigencia de la ley<\/strong><\/h2>\n\n\n\n<p>Las disposiciones contenidas en los T\u00e9rminos y Condiciones de Uso de <strong>Lista de reproducci\u00f3n para ti<\/strong> permanecer\u00e1 en vigor indefinidamente. Si es necesario adoptar medidas legales o reglamentarias relacionadas con el uso del sitio web o nuestra Pol\u00edtica de Privacidad, estas acciones deber\u00e1n iniciarse en un plazo m\u00e1ximo de 90 d\u00edas desde el evento que dio lugar a la reclamaci\u00f3n.<\/p>\n\n\n\n<h2 class=\"wp-block-heading\"><strong>Art\u00edculo VII \u2013 Ley aplicable y jurisdicci\u00f3n<\/strong><\/h2>\n\n\n\n<p>Los T\u00e9rminos y Condiciones de Uso, as\u00ed como la Pol\u00edtica de Privacidad de <strong>Lista de reproducci\u00f3n para ti<\/strong>Estos acuerdos se regir\u00e1n e interpretar\u00e1n de conformidad con las leyes federales aplicables en Brasil. Esto incluye el C\u00f3digo Civil y la legislaci\u00f3n espec\u00edfica relativa a los derechos del consumidor y la protecci\u00f3n de datos personales.<\/p>\n\n\n\n<h2 class=\"wp-block-heading\"><strong>Art\u00edculo VIII \u2013 Propiedad de la propiedad intelectual y del contenido<\/strong><\/h2>\n\n\n\n<p><strong>8.1. Derechos sobre el contenido<\/strong><strong><br><\/strong>Todo el contenido presentado en el sitio web <strong>Lista de reproducci\u00f3n para ti<\/strong>, ya sea propiedad de la empresa o de sus afiliadas, est\u00e1 protegida por derechos de autor y otras leyes de propiedad intelectual. Cualquier uso no autorizado de este material, incluyendo pero no limitado a la reproducci\u00f3n, modificaci\u00f3n, distribuci\u00f3n, publicaci\u00f3n, exhibici\u00f3n, transmisi\u00f3n o creaci\u00f3n de trabajos derivados, est\u00e1 estrictamente prohibido, excepto con la autorizaci\u00f3n previa expresa de los titulares de los derechos.<\/p>\n\n\n\n<p><strong>8.2. Limitaci\u00f3n de responsabilidad<\/strong><strong><br><\/strong>EL <strong>Lista de reproducci\u00f3n para ti<\/strong> no es responsable del contenido generado por terceros, como comentarios de usuarios, participaci\u00f3n en foros o publicaciones en redes sociales relacionadas con la plataforma. Adem\u00e1s, la empresa no se hace responsable de da\u00f1os directos o indirectos resultantes del uso del sitio web.<\/p>\n\n\n\n<p><strong>8.3. Gesti\u00f3n de infracciones de contenido<\/strong><strong><br><\/strong>EL <strong>Lista de reproducci\u00f3n para ti<\/strong> se reserva el derecho de eliminar cualquier contenido que viole estos T\u00e9rminos de Uso, incluidos materiales considerados ilegales, ofensivos, difamatorios o que infrinjan los derechos de propiedad intelectual de terceros. Tambi\u00e9n nos reservamos el derecho de suspender o desactivar las cuentas de usuarios que violen estos t\u00e9rminos.<\/p>\n\n\n\n<h2 class=\"wp-block-heading\"><strong>Art\u00edculo IX \u2013 Modificaciones a los T\u00e9rminos y Condiciones<\/strong><\/h2>\n\n\n\n<p>EL <strong>Lista de reproducci\u00f3n para ti<\/strong> se reserva el derecho de modificar, suspender o discontinuar cualquier aspecto de sus servicios en cualquier momento, a su entera discreci\u00f3n, sin obligaci\u00f3n de proporcionar aviso previo o posterior. No seremos responsables por cambios, interrupciones o terminaci\u00f3n de los servicios ofrecidos.<\/p>\n\n\n\n<p>Si los usuarios no est\u00e1n de acuerdo con los t\u00e9rminos actualizados, les recomendamos que no utilicen el sitio web ni los servicios. <strong>Lista de reproducci\u00f3n para ti<\/strong>.<\/p>\n\n\n\n<p>Si tiene alguna pregunta, comentario o sugerencia sobre nuestros servicios, por favor p\u00f3ngase en contacto con nosotros mediante el formulario disponible en <a href=\"https:\/\/playlistforyou.com\/es\/contato\/.\/\">https:\/\/playlistforyou.com\/contato\/. <\/a><\/p>","protected":false},"excerpt":{"rendered":"<p>Playlist For You se enorgullece de ser propietario de una plataforma especializada en m\u00fasica, listas de reproducci\u00f3n personalizadas y recomendaciones, accesible en https:\/\/playlistforyou.com\/. Nuestro sitio web es ampliamente reconocido como una fuente confiable para mejorar su experiencia musical. El equipo de Playlist For You se compromete a gestionar este espacio digital, dise\u00f1ado con mimo para ofrecer [\u2026]<\/p>","protected":false},"author":5,"featured_media":0,"parent":0,"menu_order":0,"comment_status":"closed","ping_status":"closed","template":"page-nosidebar.php","meta":{"footnotes":""},"yoast_head":"<!-- This site is optimized with the Yoast SEO plugin v23.3 - https:\/\/yoast.com\/wordpress\/plugins\/seo\/ -->\n<title>Termos de uso - Playlist For You - Playlist For You<\/title>\n<meta name=\"robots\" content=\"index, follow, max-snippet:-1, max-image-preview:large, max-video-preview:-1\" \/>\n<link rel=\"canonical\" href=\"https:\/\/playlistforyou.com\/es\/terms\/\" \/>\n<meta property=\"og:locale\" content=\"es_MX\" \/>\n<meta property=\"og:type\" content=\"article\" \/>\n<meta property=\"og:title\" content=\"Termos de uso - Playlist For You - Playlist For You\" \/>\n<meta property=\"og:description\" content=\"O Playlist For You orgulha-se de ser o propriet\u00e1rio de uma plataforma especializada em m\u00fasica, playlists personalizadas e recomenda\u00e7\u00f5es, acess\u00edvel pelo endere\u00e7o https:\/\/playlistforyou.com\/. Nosso site \u00e9 amplamente reconhecido como uma fonte confi\u00e1vel para aprimorar sua experi\u00eancia musical. A equipe do Playlist For You est\u00e1 comprometida em gerenciar este espa\u00e7o digital, projetado com aten\u00e7\u00e3o para oferecer [&hellip;]\" \/>\n<meta property=\"og:url\" content=\"https:\/\/playlistforyou.com\/es\/terms\/\" \/>\n<meta property=\"og:site_name\" content=\"Playlist For You\" \/>\n<meta property=\"article:modified_time\" content=\"2026-04-06T15:35:43+00:00\" \/>\n<meta name=\"twitter:card\" content=\"summary_large_image\" \/>\n<meta name=\"twitter:label1\" content=\"Est. reading time\" \/>\n\t<meta name=\"twitter:data1\" content=\"8 minutos\" \/>\n<script type=\"application\/ld+json\" class=\"yoast-schema-graph\">{\"@context\":\"https:\/\/schema.org\",\"@graph\":[{\"@type\":\"WebPage\",\"@id\":\"https:\/\/playlistforyou.com\/terms\/\",\"url\":\"https:\/\/playlistforyou.com\/terms\/\",\"name\":\"Termos de uso - Playlist For You - Playlist For You\",\"isPartOf\":{\"@id\":\"https:\/\/playlistforyou.com\/#website\"},\"datePublished\":\"2025-01-09T18:33:38+00:00\",\"dateModified\":\"2026-04-06T15:35:43+00:00\",\"breadcrumb\":{\"@id\":\"https:\/\/playlistforyou.com\/terms\/#breadcrumb\"},\"inLanguage\":\"es-MX\",\"potentialAction\":[{\"@type\":\"ReadAction\",\"target\":[\"https:\/\/playlistforyou.com\/terms\/\"]}]},{\"@type\":\"BreadcrumbList\",\"@id\":\"https:\/\/playlistforyou.com\/terms\/#breadcrumb\",\"itemListElement\":[{\"@type\":\"ListItem\",\"position\":1,\"name\":\"Home\",\"item\":\"https:\/\/playlistforyou.com\/\"},{\"@type\":\"ListItem\",\"position\":2,\"name\":\"Termos de uso &#8211; Playlist For You\"}]},{\"@type\":\"WebSite\",\"@id\":\"https:\/\/playlistforyou.com\/#website\",\"url\":\"https:\/\/playlistforyou.com\/\",\"name\":\"Playlist For You\",\"description\":\"\",\"potentialAction\":[{\"@type\":\"SearchAction\",\"target\":{\"@type\":\"EntryPoint\",\"urlTemplate\":\"https:\/\/playlistforyou.com\/?s={search_term_string}\"},\"query-input\":\"required name=search_term_string\"}],\"inLanguage\":\"es-MX\"}]}<\/script>\n<!-- \/ Yoast SEO plugin. -->","yoast_head_json":{"title":"Termos de uso - Playlist For You - Playlist For You","robots":{"index":"index","follow":"follow","max-snippet":"max-snippet:-1","max-image-preview":"max-image-preview:large","max-video-preview":"max-video-preview:-1"},"canonical":"https:\/\/playlistforyou.com\/es\/terms\/","og_locale":"es_MX","og_type":"article","og_title":"Termos de uso - Playlist For You - Playlist For You","og_description":"O Playlist For You orgulha-se de ser o propriet\u00e1rio de uma plataforma especializada em m\u00fasica, playlists personalizadas e recomenda\u00e7\u00f5es, acess\u00edvel pelo endere\u00e7o https:\/\/playlistforyou.com\/. Nosso site \u00e9 amplamente reconhecido como uma fonte confi\u00e1vel para aprimorar sua experi\u00eancia musical. A equipe do Playlist For You est\u00e1 comprometida em gerenciar este espa\u00e7o digital, projetado com aten\u00e7\u00e3o para oferecer [&hellip;]","og_url":"https:\/\/playlistforyou.com\/es\/terms\/","og_site_name":"Playlist For You","article_modified_time":"2026-04-06T15:35:43+00:00","twitter_card":"summary_large_image","twitter_misc":{"Est. reading time":"8 minutos"},"schema":{"@context":"https:\/\/schema.org","@graph":[{"@type":"WebPage","@id":"https:\/\/playlistforyou.com\/terms\/","url":"https:\/\/playlistforyou.com\/terms\/","name":"Termos de uso - Playlist For You - Playlist For You","isPartOf":{"@id":"https:\/\/playlistforyou.com\/#website"},"datePublished":"2025-01-09T18:33:38+00:00","dateModified":"2026-04-06T15:35:43+00:00","breadcrumb":{"@id":"https:\/\/playlistforyou.com\/terms\/#breadcrumb"},"inLanguage":"es-MX","potentialAction":[{"@type":"ReadAction","target":["https:\/\/playlistforyou.com\/terms\/"]}]},{"@type":"BreadcrumbList","@id":"https:\/\/playlistforyou.com\/terms\/#breadcrumb","itemListElement":[{"@type":"ListItem","position":1,"name":"Home","item":"https:\/\/playlistforyou.com\/"},{"@type":"ListItem","position":2,"name":"Termos de uso &#8211; Playlist For You"}]},{"@type":"WebSite","@id":"https:\/\/playlistforyou.com\/#website","url":"https:\/\/playlistforyou.com\/","name":"Playlist For You","description":"","potentialAction":[{"@type":"SearchAction","target":{"@type":"EntryPoint","urlTemplate":"https:\/\/playlistforyou.com\/?s={search_term_string}"},"query-input":"required name=search_term_string"}],"inLanguage":"es-MX"}]}},"_links":{"self":[{"href":"https:\/\/playlistforyou.com\/es\/wp-json\/wp\/v2\/pages\/203"}],"collection":[{"href":"https:\/\/playlistforyou.com\/es\/wp-json\/wp\/v2\/pages"}],"about":[{"href":"https:\/\/playlistforyou.com\/es\/wp-json\/wp\/v2\/types\/page"}],"author":[{"embeddable":true,"href":"https:\/\/playlistforyou.com\/es\/wp-json\/wp\/v2\/users\/5"}],"replies":[{"embeddable":true,"href":"https:\/\/playlistforyou.com\/es\/wp-json\/wp\/v2\/comments?post=203"}],"version-history":[{"count":3,"href":"https:\/\/playlistforyou.com\/es\/wp-json\/wp\/v2\/pages\/203\/revisions"}],"predecessor-version":[{"id":1848,"href":"https:\/\/playlistforyou.com\/es\/wp-json\/wp\/v2\/pages\/203\/revisions\/1848"}],"wp:attachment":[{"href":"https:\/\/playlistforyou.com\/es\/wp-json\/wp\/v2\/media?parent=203"}],"curies":[{"name":"wp","href":"https:\/\/api.w.org\/{rel}","templated":true}]}}